{"id":29,"date":"2021-01-21T15:44:02","date_gmt":"2021-01-21T14:44:02","guid":{"rendered":"http:\/\/rlegrand.org\/?page_id=29"},"modified":"2021-01-22T16:48:46","modified_gmt":"2021-01-22T15:48:46","slug":"cv-robert-legrand","status":"publish","type":"page","link":"https:\/\/rlegrand.org\/index.php\/cv-robert-legrand\/","title":{"rendered":"CV Robert Legrand"},"content":{"rendered":"\n<figure class=\"wp-block-image size-large is-resized is-style-default\"><img loading=\"lazy\" decoding=\"async\" src=\"http:\/\/rlegrand.org\/wp-content\/uploads\/2021\/01\/Photo-CV-identite-820x1024.jpg\" alt=\"\" class=\"wp-image-73\" width=\"177\" height=\"221\"\/><\/figure>\n\n\n\n<p>Je vous propose de choisir parmi deux CV diff\u00e9rents : un CV classique et un CV de comp\u00e9tences. Vous pouvez les t\u00e9l\u00e9charger gr\u00e2ce aux boutons ci-dessous. <\/p>\n\n\n\n<p>Voici mon CV classique :<\/p>\n\n\n\n<div class=\"wp-block-file\"><a href=\"http:\/\/rlegrand.org\/wp-content\/uploads\/2021\/01\/CV-Robert-Legrand-2021.pdf\">CV-Robert-Legrand-2021<\/a><a href=\"http:\/\/rlegrand.org\/wp-content\/uploads\/2021\/01\/CV-Robert-Legrand-2021.pdf\" class=\"wp-block-file__button\" download>T\u00e9l\u00e9charger<\/a><\/div>\n\n\n\n<p>Mon CV de comp\u00e9tences :<\/p>\n\n\n\n<div class=\"wp-block-file\"><a href=\"http:\/\/rlegrand.org\/wp-content\/uploads\/2021\/01\/CV-competences-Robert_Legrand-2021.pdf\">CV-competences-Robert_Legrand-2021<\/a><a href=\"http:\/\/rlegrand.org\/wp-content\/uploads\/2021\/01\/CV-competences-Robert_Legrand-2021.pdf\" class=\"wp-block-file__button\" download>T\u00e9l\u00e9charger<\/a><\/div>\n","protected":false},"excerpt":{"rendered":"<p>Je vous propose de choisir parmi deux CV diff\u00e9rents : un CV classique et un CV de comp\u00e9tences. Vous pouvez les t\u00e9l\u00e9charger gr\u00e2ce aux boutons ci-dessous. Voici mon CV classique : Mon CV de comp\u00e9tences :<\/p>\n","protected":false},"author":1,"featured_media":76,"parent":0,"menu_order":0,"comment_status":"closed","ping_status":"closed","template":"","meta":{"footnotes":""},"class_list":["post-29","page","type-page","status-publish","has-post-thumbnail","hentry"],"_links":{"self":[{"href":"https:\/\/rlegrand.org\/index.php\/wp-json\/wp\/v2\/pages\/29","targetHints":{"allow":["GET"]}}],"collection":[{"href":"https:\/\/rlegrand.org\/index.php\/wp-json\/wp\/v2\/pages"}],"about":[{"href":"https:\/\/rlegrand.org\/index.php\/wp-json\/wp\/v2\/types\/page"}],"author":[{"embeddable":true,"href":"https:\/\/rlegrand.org\/index.php\/wp-json\/wp\/v2\/users\/1"}],"replies":[{"embeddable":true,"href":"https:\/\/rlegrand.org\/index.php\/wp-json\/wp\/v2\/comments?post=29"}],"version-history":[{"count":5,"href":"https:\/\/rlegrand.org\/index.php\/wp-json\/wp\/v2\/pages\/29\/revisions"}],"predecessor-version":[{"id":88,"href":"https:\/\/rlegrand.org\/index.php\/wp-json\/wp\/v2\/pages\/29\/revisions\/88"}],"wp:featuredmedia":[{"embeddable":true,"href":"https:\/\/rlegrand.org\/index.php\/wp-json\/wp\/v2\/media\/76"}],"wp:attachment":[{"href":"https:\/\/rlegrand.org\/index.php\/wp-json\/wp\/v2\/media?parent=29"}],"curies":[{"name":"wp","href":"https:\/\/api.w.org\/{rel}","templated":true}]}}