{"id":20,"date":"2021-01-21T15:01:56","date_gmt":"2021-01-21T14:01:56","guid":{"rendered":"http:\/\/rlegrand.org\/?page_id=20"},"modified":"2021-02-12T18:57:00","modified_gmt":"2021-02-12T17:57:00","slug":"mentions-legales","status":"publish","type":"page","link":"https:\/\/rlegrand.org\/index.php\/mentions-legales\/","title":{"rendered":"Mentions L\u00e9gales"},"content":{"rendered":"\n<p>Site \u00e9dit\u00e9 par Robert Legrand, 86 Faubourg de la Rivi\u00e8re, 73170 YENNE <\/p>\n\n\n\n<p>Adresse mail : contact@rlegrand.org<\/p>\n\n\n\n<p>Le site est h\u00e9berg\u00e9 par OVH et \u00e9dit\u00e9 avec WordPress.<\/p>\n\n\n\n<p>Aucune donn\u00e9e personnelle ne sera recueilli et donc aucune donn\u00e9e ne sera transmise \u00e0 qui que ce soit. <\/p>\n\n\n\n<p>Cependant WordPress utilises des cookies pour conserver votre login qui permet de laisser des commentaires.<\/p>\n\n\n\n<p><\/p>\n\n\n\n<p><\/p>\n","protected":false},"excerpt":{"rendered":"<p>Site \u00e9dit\u00e9 par Robert Legrand, 86 Faubourg de la Rivi\u00e8re, 73170 YENNE Adresse mail : contact@rlegrand.org Le site est h\u00e9berg\u00e9 par OVH et \u00e9dit\u00e9 avec WordPress. Aucune donn\u00e9e personnelle ne sera recueilli et donc aucune donn\u00e9e ne sera transmise \u00e0 qui que ce soit. Cependant WordPress utilises des cookies pour conserver votre login qui permet <a class=\"more-link\" href=\"https:\/\/rlegrand.org\/index.php\/mentions-legales\/\">Lire plus &#8230;<\/a><\/p>\n","protected":false},"author":1,"featured_media":38,"parent":0,"menu_order":0,"comment_status":"closed","ping_status":"closed","template":"","meta":{"footnotes":""},"class_list":["post-20","page","type-page","status-publish","has-post-thumbnail","hentry"],"_links":{"self":[{"href":"https:\/\/rlegrand.org\/index.php\/wp-json\/wp\/v2\/pages\/20","targetHints":{"allow":["GET"]}}],"collection":[{"href":"https:\/\/rlegrand.org\/index.php\/wp-json\/wp\/v2\/pages"}],"about":[{"href":"https:\/\/rlegrand.org\/index.php\/wp-json\/wp\/v2\/types\/page"}],"author":[{"embeddable":true,"href":"https:\/\/rlegrand.org\/index.php\/wp-json\/wp\/v2\/users\/1"}],"replies":[{"embeddable":true,"href":"https:\/\/rlegrand.org\/index.php\/wp-json\/wp\/v2\/comments?post=20"}],"version-history":[{"count":2,"href":"https:\/\/rlegrand.org\/index.php\/wp-json\/wp\/v2\/pages\/20\/revisions"}],"predecessor-version":[{"id":90,"href":"https:\/\/rlegrand.org\/index.php\/wp-json\/wp\/v2\/pages\/20\/revisions\/90"}],"wp:featuredmedia":[{"embeddable":true,"href":"https:\/\/rlegrand.org\/index.php\/wp-json\/wp\/v2\/media\/38"}],"wp:attachment":[{"href":"https:\/\/rlegrand.org\/index.php\/wp-json\/wp\/v2\/media?parent=20"}],"curies":[{"name":"wp","href":"https:\/\/api.w.org\/{rel}","templated":true}]}}